{"id":17087,"date":"2025-07-17T08:17:51","date_gmt":"2025-07-16T23:17:51","guid":{"rendered":"https:\/\/www.uver.co.kr\/email-address-collection-policy\/"},"modified":"2025-07-31T13:54:21","modified_gmt":"2025-07-31T04:54:21","slug":"email-address-collection-policy","status":"publish","type":"page","link":"https:\/\/www.uver.co.kr\/it\/email-address-collection-policy\/","title":{"rendered":"Rifiuto alla Raccolta Non Autorizzata di Email"},"content":{"rendered":"\t\t<div data-elementor-type=\"wp-page\" data-elementor-id=\"17087\" class=\"elementor elementor-17087 elementor-14979\">\n\t\t\t\t\t\t<section class=\"elementor-section elementor-top-section elementor-element elementor-element-ab2ed46 elementor-section-height-min-height elementor-section-items-bottom sub-banner elementor-section-boxed elementor-section-height-default\" data-id=\"ab2ed46\" data-element_type=\"section\" data-settings=\"{&quot;background_background&quot;:&quot;classic&quot;}\">\n\t\t\t\t\t\t<div class=\"elementor-container elementor-column-gap-default\">\n\t\t\t\t\t<div class=\"elementor-column elementor-col-100 elementor-top-column elementor-element elementor-element-97ff44c\" data-id=\"97ff44c\" data-element_type=\"column\">\n\t\t\t<div class=\"elementor-widget-wrap elementor-element-populated\">\n\t\t\t\t\t\t<section class=\"elementor-section elementor-inner-section elementor-element elementor-element-4a6cc2e elementor-section-height-min-height elementor-section-boxed elementor-section-height-default\" data-id=\"4a6cc2e\" data-element_type=\"section\">\n\t\t\t\t\t\t<div class=\"elementor-container elementor-column-gap-default\">\n\t\t\t\t\t<div class=\"elementor-column elementor-col-100 elementor-inner-column elementor-element elementor-element-a6f088f\" data-id=\"a6f088f\" data-element_type=\"column\">\n\t\t\t<div class=\"elementor-widget-wrap elementor-element-populated\">\n\t\t\t\t\t\t<div class=\"elementor-element elementor-element-da431e6 elementor-widget elementor-widget-page-title\" data-id=\"da431e6\" data-element_type=\"widget\" data-widget_type=\"page-title.default\">\n\t\t\t\t<div class=\"elementor-widget-container\">\n\t\t\t\t\t\n\t\t<div class=\"hfe-page-title hfe-page-title-wrapper elementor-widget-heading\">\n\n\t\t\t\t\t\t\t\t<h1 class=\"elementor-heading-title elementor-size-default\">\n\t\t\t\t\t\t\t\t\n\t\t\t\tRifiuto alla Raccolta Non Autorizzata di Email  \n\t\t\t<\/h1 > \n\t\t\t\t\t<\/div>\n\t\t\t\t<\/div>\n\t\t\t\t<\/div>\n\t\t\t\t<div class=\"elementor-element elementor-element-6f08742 breadcrumbsstyle elementor-widget__width-auto elementor-widget elementor-widget-shortcode\" data-id=\"6f08742\" data-element_type=\"widget\" data-widget_type=\"shortcode.default\">\n\t\t\t\t<div class=\"elementor-widget-container\">\n\t\t\t\t\t<div class=\"elementor-shortcode\"><span><span><a href=\"https:\/\/www.uver.co.kr\/it\/front\/\">Home<\/a><\/span><\/span><\/div>\n\t\t\t\t<\/div>\n\t\t\t\t<\/div>\n\t\t\t\t\t<\/div>\n\t\t<\/div>\n\t\t\t\t\t<\/div>\n\t\t<\/section>\n\t\t\t\t\t<\/div>\n\t\t<\/div>\n\t\t\t\t\t<\/div>\n\t\t<\/section>\n\t\t\t\t<section class=\"elementor-section elementor-top-section elementor-element elementor-element-65f0a08 elementor-section-boxed elementor-section-height-default elementor-section-height-default\" data-id=\"65f0a08\" data-element_type=\"section\">\n\t\t\t\t\t\t<div class=\"elementor-container elementor-column-gap-default\">\n\t\t\t\t\t<div class=\"elementor-column elementor-col-100 elementor-top-column elementor-element elementor-element-2c6b734\" data-id=\"2c6b734\" data-element_type=\"column\">\n\t\t\t<div class=\"elementor-widget-wrap elementor-element-populated\">\n\t\t\t\t\t\t<div class=\"elementor-element elementor-element-b7adafa elementor-widget elementor-widget-text-editor\" data-id=\"b7adafa\" data-element_type=\"widget\" data-widget_type=\"text-editor.default\">\n\t\t\t\t<div class=\"elementor-widget-container\">\n\t\t\t<style>\/*! elementor - v3.23.0 - 25-07-2024 *\/\n.elementor-widget-text-editor.elementor-drop-cap-view-stacked .elementor-drop-cap{background-color:#69727d;color:#fff}.elementor-widget-text-editor.elementor-drop-cap-view-framed .elementor-drop-cap{color:#69727d;border:3px solid;background-color:transparent}.elementor-widget-text-editor:not(.elementor-drop-cap-view-default) .elementor-drop-cap{margin-top:8px}.elementor-widget-text-editor:not(.elementor-drop-cap-view-default) .elementor-drop-cap-letter{width:1em;height:1em}.elementor-widget-text-editor .elementor-drop-cap{float:left;text-align:center;line-height:1;font-size:50px}.elementor-widget-text-editor .elementor-drop-cap-letter{display:inline-block}<\/style>\t\t\t\t<section>\n  <h2>&lt; Avviso sulla raccolta non autorizzata di indirizzi email &gt;<\/h2>\n\n  <br\/>\n  <h3>Divieto di raccolta non autorizzata di email<\/h3>\n  <ul>\n    <li>\u00c8 severamente vietato raccogliere indirizzi email da questo sito web mediante strumenti automatizzati, inclusi bot o scraping tool, senza il nostro consenso scritto preventivo.<\/li>\n    <li>Gli indirizzi email pubblicati su questo sito non sono destinati a fini promozionali e non possono essere venduti, distribuiti o utilizzati per inviare email di marketing non richieste (spam).<\/li>\n    <li>Qualsiasi violazione di questa politica pu\u00f2 essere soggetta a sanzioni ai sensi del CAN-SPAM Act degli Stati Uniti, incluse multe e azioni legali.<\/li>\n  <\/ul>\n\n  <br\/>\n  <h3>Conformit\u00e0 al CAN-SPAM Act<\/h3>\n  <p>La Societ\u00e0 \u00e8 conforme al Controlling the Assault of Non-Solicited Pornography and Marketing (CAN-SPAM) Act del 2003. Tutte le email commerciali inviate dalla Societ\u00e0 includeranno:<\/p>\n  <ul>\n    <li>Intestazioni e oggetto corretti e veritieri<\/li>\n    <li>Una chiara indicazione che il messaggio \u00e8 una pubblicit\u00e0<\/li>\n    <li>Un indirizzo fisico valido del mittente<\/li>\n    <li>Un meccanismo semplice e funzionante per annullare l&#8217;iscrizione<\/li>\n  <\/ul>\n\n  <br\/>\n  <h3>Segnalazione di abusi<\/h3>\n  <p>Prendiamo molto seriamente qualsiasi abuso di indirizzi email e adotteremo le misure appropriate in conformit\u00e0 alle leggi e normative applicabili.<\/p>\n\n  <br\/>\n  <h3>Avviso di conformit\u00e0 al GDPR (per i residenti nell&#8217;UE\/SEE)<\/h3>\n  <p>In conformit\u00e0 al Regolamento Generale sulla Protezione dei Dati (GDPR), se vi trovate nello Spazio Economico Europeo (SEE), raccoglieremo e utilizzeremo i vostri dati personali \u2014 compresi gli indirizzi email \u2014 solo sulla base di un consenso esplicito e informato.<\/p>\n  <ul>\n    <li>Avete il diritto di accedere, correggere, cancellare o limitare il trattamento dei vostri dati personali in qualsiasi momento.<\/li>\n    <li>Potete revocare il consenso a ricevere email di marketing in qualsiasi momento tramite i meccanismi di disiscrizione forniti.<\/li>\n    <li>Per ulteriori informazioni, vi invitiamo a consultare la nostra <a href=\"\/it\/privacy-policy\">Politica sulla Privacy<\/a>.<\/li>\n  <\/ul>\n\n  <br\/>\n  <h3>Avviso di conformit\u00e0 al CCPA (per i residenti in California)<\/h3>\n  <p>Ai sensi del California Consumer Privacy Act (CCPA), i residenti in California hanno il diritto di:<\/p>\n  <ul>\n    <li>Conoscere quali dati personali raccogliamo e come li utilizziamo<\/li>\n    <li>Richiedere la cancellazione dei propri dati personali<\/li>\n    <li>Opporsi alla vendita o condivisione dei propri dati personali<\/li>\n  <\/ul>\n  <p>Per saperne di pi\u00f9 sui vostri diritti e su come esercitarli, consultate la nostra <a href=\"\/it\/privacy-policy\">Politica sulla Privacy<\/a>.<\/p>\n<\/section>\n\t\t\t\t\t\t<\/div>\n\t\t\t\t<\/div>\n\t\t\t\t\t<\/div>\n\t\t<\/div>\n\t\t\t\t\t<\/div>\n\t\t<\/section>\n\t\t\t\t<\/div>\n\t\t","protected":false},"excerpt":{"rendered":"<p>Rifiuto alla Raccolta Non Autorizzata di Email &lt; Avviso sulla raccolta non autorizzata di indirizzi email &gt; Divieto di raccolta non autorizzata di email \u00c8 severamente vietato raccogliere indirizzi email da questo sito web mediante strumenti automatizzati, inclusi bot o scraping tool, senza il nostro consenso scritto preventivo. Gli indirizzi email pubblicati su questo sito non sono destinati a fini promozionali e non possono essere venduti, distribuiti o utilizzati per inviare email di marketing non richieste (spam). Qualsiasi violazione di questa politica pu\u00f2 essere soggetta a sanzioni ai sensi del CAN-SPAM Act degli Stati Uniti, incluse multe e azioni legali. Conformit\u00e0 al CAN-SPAM Act La Societ\u00e0 \u00e8 conforme al Controlling the Assault of Non-Solicited Pornography and Marketing (CAN-SPAM) Act del 2003. Tutte le email commerciali inviate dalla Societ\u00e0 includeranno: Intestazioni e oggetto corretti e veritieri Una chiara indicazione che il messaggio \u00e8 una pubblicit\u00e0 Un indirizzo fisico valido del mittente Un meccanismo semplice e funzionante per annullare l&#8217;iscrizione Segnalazione di abusi Prendiamo molto seriamente qualsiasi abuso di indirizzi email e adotteremo le misure appropriate in conformit\u00e0 alle leggi e normative applicabili. Avviso di conformit\u00e0 al GDPR (per i residenti nell&#8217;UE\/SEE) In conformit\u00e0 al Regolamento Generale sulla Protezione dei Dati (GDPR), se vi trovate nello Spazio Economico Europeo (SEE), raccoglieremo e utilizzeremo i vostri dati personali \u2014 compresi gli indirizzi email \u2014 solo sulla base di un consenso esplicito e informato. Avete il diritto di accedere, correggere, cancellare o limitare il trattamento dei vostri dati personali in qualsiasi momento. Potete revocare il consenso a ricevere email di marketing in qualsiasi momento tramite i meccanismi di disiscrizione forniti. Per ulteriori informazioni, vi invitiamo a consultare la nostra Politica sulla Privacy. Avviso di conformit\u00e0 al CCPA (per i residenti in California) Ai sensi del California Consumer Privacy Act (CCPA), i residenti in California hanno il diritto di: Conoscere quali dati personali raccogliamo e come li utilizziamo Richiedere la cancellazione dei propri dati personali Opporsi alla vendita o condivisione dei propri dati personali Per saperne di pi\u00f9 sui vostri diritti e su come esercitarli, consultate la nostra Politica sulla Privacy.<\/p>\n","protected":false},"author":1,"featured_media":0,"parent":0,"menu_order":0,"comment_status":"closed","ping_status":"closed","template":"elementor_header_footer","meta":{"_acf_changed":false,"ocean_post_layout":"","ocean_both_sidebars_style":"","ocean_both_sidebars_content_width":0,"ocean_both_sidebars_sidebars_width":0,"ocean_sidebar":"","ocean_second_sidebar":"","ocean_disable_margins":"enable","ocean_add_body_class":"","ocean_shortcode_before_top_bar":"","ocean_shortcode_after_top_bar":"","ocean_shortcode_before_header":"","ocean_shortcode_after_header":"","ocean_has_shortcode":"","ocean_shortcode_after_title":"","ocean_shortcode_before_footer_widgets":"","ocean_shortcode_after_footer_widgets":"","ocean_shortcode_before_footer_bottom":"","ocean_shortcode_after_footer_bottom":"","ocean_display_top_bar":"default","ocean_display_header":"default","ocean_header_style":"","ocean_center_header_left_menu":"","ocean_custom_header_template":"","ocean_custom_logo":0,"ocean_custom_retina_logo":0,"ocean_custom_logo_max_width":0,"ocean_custom_logo_tablet_max_width":0,"ocean_custom_logo_mobile_max_width":0,"ocean_custom_logo_max_height":0,"ocean_custom_logo_tablet_max_height":0,"ocean_custom_logo_mobile_max_height":0,"ocean_header_custom_menu":"","ocean_menu_typo_font_family":"","ocean_menu_typo_font_subset":"","ocean_menu_typo_font_size":0,"ocean_menu_typo_font_size_tablet":0,"ocean_menu_typo_font_size_mobile":0,"ocean_menu_typo_font_size_unit":"px","ocean_menu_typo_font_weight":"","ocean_menu_typo_font_weight_tablet":"","ocean_menu_typo_font_weight_mobile":"","ocean_menu_typo_transform":"","ocean_menu_typo_transform_tablet":"","ocean_menu_typo_transform_mobile":"","ocean_menu_typo_line_height":0,"ocean_menu_typo_line_height_tablet":0,"ocean_menu_typo_line_height_mobile":0,"ocean_menu_typo_line_height_unit":"","ocean_menu_typo_spacing":0,"ocean_menu_typo_spacing_tablet":0,"ocean_menu_typo_spacing_mobile":0,"ocean_menu_typo_spacing_unit":"","ocean_menu_link_color":"","ocean_menu_link_color_hover":"","ocean_menu_link_color_active":"","ocean_menu_link_background":"","ocean_menu_link_hover_background":"","ocean_menu_link_active_background":"","ocean_menu_social_links_bg":"","ocean_menu_social_hover_links_bg":"","ocean_menu_social_links_color":"","ocean_menu_social_hover_links_color":"","ocean_disable_title":"default","ocean_disable_heading":"default","ocean_post_title":"","ocean_post_subheading":"","ocean_post_title_style":"","ocean_post_title_background_color":"","ocean_post_title_background":0,"ocean_post_title_bg_image_position":"","ocean_post_title_bg_image_attachment":"","ocean_post_title_bg_image_repeat":"","ocean_post_title_bg_image_size":"","ocean_post_title_height":0,"ocean_post_title_bg_overlay":0.5,"ocean_post_title_bg_overlay_color":"","ocean_disable_breadcrumbs":"default","ocean_breadcrumbs_color":"","ocean_breadcrumbs_separator_color":"","ocean_breadcrumbs_links_color":"","ocean_breadcrumbs_links_hover_color":"","ocean_display_footer_widgets":"default","ocean_display_footer_bottom":"default","ocean_custom_footer_template":"","footnotes":""},"class_list":["post-17087","page","type-page","status-publish","hentry","entry"],"acf":[],"yoast_head":"<!-- This site is optimized with the Yoast SEO plugin v26.3 - https:\/\/yoast.com\/wordpress\/plugins\/seo\/ -->\n<title>Rifiuto alla Raccolta Non Autorizzata di Email | UVER<\/title>\n<meta name=\"description\" content=\"UVER vieta rigorosamente, in conformit\u00e0 alla legge sulle reti di comunicazione, la raccolta, vendita, distribuzione e invio non autorizzato di indirizzi email. Le violazioni sono soggette a sanzioni legali.\" \/>\n<meta name=\"robots\" content=\"index, follow, max-snippet:-1, max-image-preview:large, max-video-preview:-1\" \/>\n<link rel=\"canonical\" href=\"https:\/\/www.uver.co.kr\/it\/email-address-collection-policy\/\" \/>\n<meta property=\"og:locale\" content=\"it_IT\" \/>\n<meta property=\"og:type\" content=\"article\" \/>\n<meta property=\"og:title\" content=\"Rifiuto alla Raccolta Non Autorizzata di Email | UVER\" \/>\n<meta property=\"og:description\" content=\"UVER vieta rigorosamente, in conformit\u00e0 alla legge sulle reti di comunicazione, la raccolta, vendita, distribuzione e invio non autorizzato di indirizzi email. Le violazioni sono soggette a sanzioni legali.\" \/>\n<meta property=\"og:url\" content=\"https:\/\/www.uver.co.kr\/it\/email-address-collection-policy\/\" \/>\n<meta property=\"og:site_name\" content=\"UVER\" \/>\n<meta property=\"article:modified_time\" content=\"2025-07-31T04:54:21+00:00\" \/>\n<meta property=\"og:image\" content=\"https:\/\/www.uver.co.kr\/wp-content\/uploads\/2025\/07\/uver-site-logo-min.jpg\" \/>\n\t<meta property=\"og:image:width\" content=\"1200\" \/>\n\t<meta property=\"og:image:height\" content=\"675\" \/>\n\t<meta property=\"og:image:type\" content=\"image\/jpeg\" \/>\n<meta name=\"twitter:card\" content=\"summary_large_image\" \/>\n<meta name=\"twitter:label1\" content=\"Tempo di lettura stimato\" \/>\n\t<meta name=\"twitter:data1\" content=\"2 minuti\" \/>\n<script type=\"application\/ld+json\" class=\"yoast-schema-graph\">{\"@context\":\"https:\/\/schema.org\",\"@graph\":[{\"@type\":\"WebPage\",\"@id\":\"https:\/\/www.uver.co.kr\/it\/email-address-collection-policy\/\",\"url\":\"https:\/\/www.uver.co.kr\/it\/email-address-collection-policy\/\",\"name\":\"Rifiuto alla Raccolta Non Autorizzata di Email | UVER\",\"isPartOf\":{\"@id\":\"https:\/\/www.uver.co.kr\/it\/#website\"},\"datePublished\":\"2025-07-16T23:17:51+00:00\",\"dateModified\":\"2025-07-31T04:54:21+00:00\",\"description\":\"UVER vieta rigorosamente, in conformit\u00e0 alla legge sulle reti di comunicazione, la raccolta, vendita, distribuzione e invio non autorizzato di indirizzi email. Le violazioni sono soggette a sanzioni legali.\",\"breadcrumb\":{\"@id\":\"https:\/\/www.uver.co.kr\/it\/email-address-collection-policy\/#breadcrumb\"},\"inLanguage\":\"it-IT\",\"potentialAction\":[{\"@type\":\"ReadAction\",\"target\":[\"https:\/\/www.uver.co.kr\/it\/email-address-collection-policy\/\"]}]},{\"@type\":\"BreadcrumbList\",\"@id\":\"https:\/\/www.uver.co.kr\/it\/email-address-collection-policy\/#breadcrumb\",\"itemListElement\":[{\"@type\":\"ListItem\",\"position\":1,\"name\":\"Home\",\"item\":\"https:\/\/www.uver.co.kr\/it\/front\/\"},{\"@type\":\"ListItem\",\"position\":2,\"name\":\"Rifiuto alla Raccolta Non Autorizzata di Email\"}]},{\"@type\":\"WebSite\",\"@id\":\"https:\/\/www.uver.co.kr\/it\/#website\",\"url\":\"https:\/\/www.uver.co.kr\/it\/\",\"name\":\"\uc720\ubc84 UVER\",\"description\":\"UV LED \uacbd\ud654\uae30, \ub178\uad11\uae30 \uac1c\ubc1c \ubc0f \uc81c\uc870\",\"publisher\":{\"@id\":\"https:\/\/www.uver.co.kr\/it\/#organization\"},\"alternateName\":\"UVER\",\"potentialAction\":[{\"@type\":\"SearchAction\",\"target\":{\"@type\":\"EntryPoint\",\"urlTemplate\":\"https:\/\/www.uver.co.kr\/it\/?s={search_term_string}\"},\"query-input\":{\"@type\":\"PropertyValueSpecification\",\"valueRequired\":true,\"valueName\":\"search_term_string\"}}],\"inLanguage\":\"it-IT\"},{\"@type\":\"Organization\",\"@id\":\"https:\/\/www.uver.co.kr\/it\/#organization\",\"name\":\"\uc720\ubc84 UVER\",\"alternateName\":\"UVER\",\"url\":\"https:\/\/www.uver.co.kr\/it\/\",\"logo\":{\"@type\":\"ImageObject\",\"inLanguage\":\"it-IT\",\"@id\":\"https:\/\/www.uver.co.kr\/it\/#\/schema\/logo\/image\/\",\"url\":\"https:\/\/www.uver.co.kr\/wp-content\/uploads\/2025\/07\/uver-organization-logo-min.jpg\",\"contentUrl\":\"https:\/\/www.uver.co.kr\/wp-content\/uploads\/2025\/07\/uver-organization-logo-min.jpg\",\"width\":696,\"height\":696,\"caption\":\"\uc720\ubc84 UVER\"},\"image\":{\"@id\":\"https:\/\/www.uver.co.kr\/it\/#\/schema\/logo\/image\/\"},\"sameAs\":[\"http:\/\/www.linkedin.com\/in\/uver\",\"http:\/\/www.youtube.com\/@uver1696\",\"https:\/\/blog.naver.com\/uverled\"]}]}<\/script>\n<!-- \/ Yoast SEO plugin. -->","yoast_head_json":{"title":"Rifiuto alla Raccolta Non Autorizzata di Email | UVER","description":"UVER vieta rigorosamente, in conformit\u00e0 alla legge sulle reti di comunicazione, la raccolta, vendita, distribuzione e invio non autorizzato di indirizzi email. Le violazioni sono soggette a sanzioni legali.","robots":{"index":"index","follow":"follow","max-snippet":"max-snippet:-1","max-image-preview":"max-image-preview:large","max-video-preview":"max-video-preview:-1"},"canonical":"https:\/\/www.uver.co.kr\/it\/email-address-collection-policy\/","og_locale":"it_IT","og_type":"article","og_title":"Rifiuto alla Raccolta Non Autorizzata di Email | UVER","og_description":"UVER vieta rigorosamente, in conformit\u00e0 alla legge sulle reti di comunicazione, la raccolta, vendita, distribuzione e invio non autorizzato di indirizzi email. Le violazioni sono soggette a sanzioni legali.","og_url":"https:\/\/www.uver.co.kr\/it\/email-address-collection-policy\/","og_site_name":"UVER","article_modified_time":"2025-07-31T04:54:21+00:00","og_image":[{"width":1200,"height":675,"url":"https:\/\/www.uver.co.kr\/wp-content\/uploads\/2025\/07\/uver-site-logo-min.jpg","type":"image\/jpeg"}],"twitter_card":"summary_large_image","twitter_misc":{"Tempo di lettura stimato":"2 minuti"},"schema":{"@context":"https:\/\/schema.org","@graph":[{"@type":"WebPage","@id":"https:\/\/www.uver.co.kr\/it\/email-address-collection-policy\/","url":"https:\/\/www.uver.co.kr\/it\/email-address-collection-policy\/","name":"Rifiuto alla Raccolta Non Autorizzata di Email | UVER","isPartOf":{"@id":"https:\/\/www.uver.co.kr\/it\/#website"},"datePublished":"2025-07-16T23:17:51+00:00","dateModified":"2025-07-31T04:54:21+00:00","description":"UVER vieta rigorosamente, in conformit\u00e0 alla legge sulle reti di comunicazione, la raccolta, vendita, distribuzione e invio non autorizzato di indirizzi email. Le violazioni sono soggette a sanzioni legali.","breadcrumb":{"@id":"https:\/\/www.uver.co.kr\/it\/email-address-collection-policy\/#breadcrumb"},"inLanguage":"it-IT","potentialAction":[{"@type":"ReadAction","target":["https:\/\/www.uver.co.kr\/it\/email-address-collection-policy\/"]}]},{"@type":"BreadcrumbList","@id":"https:\/\/www.uver.co.kr\/it\/email-address-collection-policy\/#breadcrumb","itemListElement":[{"@type":"ListItem","position":1,"name":"Home","item":"https:\/\/www.uver.co.kr\/it\/front\/"},{"@type":"ListItem","position":2,"name":"Rifiuto alla Raccolta Non Autorizzata di Email"}]},{"@type":"WebSite","@id":"https:\/\/www.uver.co.kr\/it\/#website","url":"https:\/\/www.uver.co.kr\/it\/","name":"\uc720\ubc84 UVER","description":"UV LED \uacbd\ud654\uae30, \ub178\uad11\uae30 \uac1c\ubc1c \ubc0f \uc81c\uc870","publisher":{"@id":"https:\/\/www.uver.co.kr\/it\/#organization"},"alternateName":"UVER","potentialAction":[{"@type":"SearchAction","target":{"@type":"EntryPoint","urlTemplate":"https:\/\/www.uver.co.kr\/it\/?s={search_term_string}"},"query-input":{"@type":"PropertyValueSpecification","valueRequired":true,"valueName":"search_term_string"}}],"inLanguage":"it-IT"},{"@type":"Organization","@id":"https:\/\/www.uver.co.kr\/it\/#organization","name":"\uc720\ubc84 UVER","alternateName":"UVER","url":"https:\/\/www.uver.co.kr\/it\/","logo":{"@type":"ImageObject","inLanguage":"it-IT","@id":"https:\/\/www.uver.co.kr\/it\/#\/schema\/logo\/image\/","url":"https:\/\/www.uver.co.kr\/wp-content\/uploads\/2025\/07\/uver-organization-logo-min.jpg","contentUrl":"https:\/\/www.uver.co.kr\/wp-content\/uploads\/2025\/07\/uver-organization-logo-min.jpg","width":696,"height":696,"caption":"\uc720\ubc84 UVER"},"image":{"@id":"https:\/\/www.uver.co.kr\/it\/#\/schema\/logo\/image\/"},"sameAs":["http:\/\/www.linkedin.com\/in\/uver","http:\/\/www.youtube.com\/@uver1696","https:\/\/blog.naver.com\/uverled"]}]}},"_links":{"self":[{"href":"https:\/\/www.uver.co.kr\/it\/wp-json\/wp\/v2\/pages\/17087","targetHints":{"allow":["GET"]}}],"collection":[{"href":"https:\/\/www.uver.co.kr\/it\/wp-json\/wp\/v2\/pages"}],"about":[{"href":"https:\/\/www.uver.co.kr\/it\/wp-json\/wp\/v2\/types\/page"}],"author":[{"embeddable":true,"href":"https:\/\/www.uver.co.kr\/it\/wp-json\/wp\/v2\/users\/1"}],"replies":[{"embeddable":true,"href":"https:\/\/www.uver.co.kr\/it\/wp-json\/wp\/v2\/comments?post=17087"}],"version-history":[{"count":0,"href":"https:\/\/www.uver.co.kr\/it\/wp-json\/wp\/v2\/pages\/17087\/revisions"}],"wp:attachment":[{"href":"https:\/\/www.uver.co.kr\/it\/wp-json\/wp\/v2\/media?parent=17087"}],"curies":[{"name":"wp","href":"https:\/\/api.w.org\/{rel}","templated":true}]}}