{"id":17391,"date":"2025-07-16T11:20:18","date_gmt":"2025-07-16T02:20:18","guid":{"rendered":"https:\/\/www.uver.co.kr\/terms-and-conditions\/"},"modified":"2025-07-31T13:43:46","modified_gmt":"2025-07-31T04:43:46","slug":"terms-and-conditions","status":"publish","type":"page","link":"https:\/\/www.uver.co.kr\/it\/terms-and-conditions\/","title":{"rendered":"Termini e Condizioni"},"content":{"rendered":"\t\t<div data-elementor-type=\"wp-page\" data-elementor-id=\"17391\" class=\"elementor elementor-17391 elementor-14847\">\n\t\t\t\t\t\t<section class=\"elementor-section elementor-top-section elementor-element elementor-element-d9216a6 elementor-section-height-min-height elementor-section-items-bottom sub-banner elementor-section-boxed elementor-section-height-default\" data-id=\"d9216a6\" data-element_type=\"section\" data-settings=\"{&quot;background_background&quot;:&quot;classic&quot;}\">\n\t\t\t\t\t\t<div class=\"elementor-container elementor-column-gap-default\">\n\t\t\t\t\t<div class=\"elementor-column elementor-col-100 elementor-top-column elementor-element elementor-element-2dd991f\" data-id=\"2dd991f\" data-element_type=\"column\">\n\t\t\t<div class=\"elementor-widget-wrap elementor-element-populated\">\n\t\t\t\t\t\t<section class=\"elementor-section elementor-inner-section elementor-element elementor-element-d914d94 elementor-section-height-min-height elementor-section-boxed elementor-section-height-default\" data-id=\"d914d94\" data-element_type=\"section\">\n\t\t\t\t\t\t<div class=\"elementor-container elementor-column-gap-default\">\n\t\t\t\t\t<div class=\"elementor-column elementor-col-100 elementor-inner-column elementor-element elementor-element-4316edb\" data-id=\"4316edb\" data-element_type=\"column\">\n\t\t\t<div class=\"elementor-widget-wrap elementor-element-populated\">\n\t\t\t\t\t\t<div class=\"elementor-element elementor-element-1015df1 elementor-widget elementor-widget-page-title\" data-id=\"1015df1\" data-element_type=\"widget\" data-widget_type=\"page-title.default\">\n\t\t\t\t<div class=\"elementor-widget-container\">\n\t\t\t\t\t\n\t\t<div class=\"hfe-page-title hfe-page-title-wrapper elementor-widget-heading\">\n\n\t\t\t\t\t\t\t\t<h1 class=\"elementor-heading-title elementor-size-default\">\n\t\t\t\t\t\t\t\t\n\t\t\t\tTermini e Condizioni  \n\t\t\t<\/h1 > \n\t\t\t\t\t<\/div>\n\t\t\t\t<\/div>\n\t\t\t\t<\/div>\n\t\t\t\t<div class=\"elementor-element elementor-element-37313ec breadcrumbsstyle elementor-widget__width-auto elementor-widget elementor-widget-shortcode\" data-id=\"37313ec\" data-element_type=\"widget\" data-widget_type=\"shortcode.default\">\n\t\t\t\t<div class=\"elementor-widget-container\">\n\t\t\t\t\t<div class=\"elementor-shortcode\"><span><span><a href=\"https:\/\/www.uver.co.kr\/it\/front\/\">Home<\/a><\/span><\/span><\/div>\n\t\t\t\t<\/div>\n\t\t\t\t<\/div>\n\t\t\t\t\t<\/div>\n\t\t<\/div>\n\t\t\t\t\t<\/div>\n\t\t<\/section>\n\t\t\t\t\t<\/div>\n\t\t<\/div>\n\t\t\t\t\t<\/div>\n\t\t<\/section>\n\t\t\t\t<section class=\"elementor-section elementor-top-section elementor-element elementor-element-25860f4 elementor-section-boxed elementor-section-height-default elementor-section-height-default\" data-id=\"25860f4\" data-element_type=\"section\">\n\t\t\t\t\t\t<div class=\"elementor-container elementor-column-gap-default\">\n\t\t\t\t\t<div class=\"elementor-column elementor-col-100 elementor-top-column elementor-element elementor-element-e4e01f7\" data-id=\"e4e01f7\" data-element_type=\"column\">\n\t\t\t<div class=\"elementor-widget-wrap elementor-element-populated\">\n\t\t\t\t\t\t<div class=\"elementor-element elementor-element-a41aa84 elementor-widget elementor-widget-text-editor\" data-id=\"a41aa84\" data-element_type=\"widget\" data-widget_type=\"text-editor.default\">\n\t\t\t\t<div class=\"elementor-widget-container\">\n\t\t\t<style>\/*! elementor - v3.23.0 - 25-07-2024 *\/\n.elementor-widget-text-editor.elementor-drop-cap-view-stacked .elementor-drop-cap{background-color:#69727d;color:#fff}.elementor-widget-text-editor.elementor-drop-cap-view-framed .elementor-drop-cap{color:#69727d;border:3px solid;background-color:transparent}.elementor-widget-text-editor:not(.elementor-drop-cap-view-default) .elementor-drop-cap{margin-top:8px}.elementor-widget-text-editor:not(.elementor-drop-cap-view-default) .elementor-drop-cap-letter{width:1em;height:1em}.elementor-widget-text-editor .elementor-drop-cap{float:left;text-align:center;line-height:1;font-size:50px}.elementor-widget-text-editor .elementor-drop-cap-letter{display:inline-block}<\/style>\t\t\t\t<section>\n<h2>[ Termini di utilizzo ]<\/h2>\n<p>I presenti Termini di utilizzo (&#8220;Termini&#8221;) disciplinano i diritti, gli obblighi e le responsabilit\u00e0 tra gli utenti (&#8220;voi&#8221;) e UVER (&#8220;Societ\u00e0&#8221;) in relazione all\u2019utilizzo di questo sito web (&#8220;Sito&#8221;).<\/p>\n<br \/>\n<h3>Sezione 1. Validit\u00e0 e modifica dei Termini<\/h3>\n<ul>\n<li>I Termini entrano in vigore al momento della loro pubblicazione sul Sito.<\/li>\n<li>La Societ\u00e0 si riserva il diritto di modificare i Termini nel rispetto delle leggi vigenti. Eventuali modifiche saranno comunicate in anticipo tramite il Sito.<\/li>\n<\/ul>\n<br \/>\n<h3>Sezione 2. Norme supplementari<\/h3>\n<p>Per quanto non espressamente previsto nei presenti Termini, si applicano le normative vigenti, nonch\u00e9 le linee guida o politiche dettagliate della Societ\u00e0.<\/p>\n<br \/>\n<h3>Sezione 3. Obblighi dell\u2019utente<\/h3>\n<ul>\n<li>Gli utenti devono rispettare le leggi applicabili, i presenti Termini, le linee guida pubblicate sul Sito e ogni altro avviso fornito dalla Societ\u00e0.<\/li>\n<li>\u00c8 vietato agli utenti:\n<ul>\n<li>Rubare o utilizzare impropriamente i dati personali di terzi<\/li>\n<li>Interferire con il funzionamento o danneggiare i sistemi del Sito<\/li>\n<li>Violare i diritti di propriet\u00e0 intellettuale della Societ\u00e0 o di terzi<\/li>\n<li>Commettere qualsiasi atto in violazione delle leggi o dei regolamenti applicabili<\/li>\n<\/ul>\n<\/li>\n<\/ul>\n<br \/>\n<h3>Sezione 4. Copyright<\/h3>\n<p>Tutti i contenuti pubblicati sul Sito sono protetti da copyright e sono di propriet\u00e0 della Societ\u00e0 o del rispettivo titolare dei diritti. \u00c8 severamente vietata la riproduzione, distribuzione, trasmissione, esposizione pubblica o pubblicazione dei contenuti senza previa autorizzazione scritta della Societ\u00e0.<\/p>\n<br \/>\n<h3>Sezione 5. Privacy<\/h3>\n<p>La Societ\u00e0 tutela la vostra privacy e tratta i dati personali in conformit\u00e0 alle leggi vigenti in materia di protezione dei dati. Per maggiori informazioni, consultare la nostra <a href=\"\/it\/privacy-policy\">Informativa sulla Privacy<\/a>.<\/p>\n<br \/>\n<h3>Sezione 6. Esclusione di responsabilit\u00e0<\/h3>\n<ul>\n<li>La Societ\u00e0 non \u00e8 responsabile per l\u2019interruzione dei servizi dovuta a eventi di forza maggiore o circostanze al di fuori del proprio ragionevole controllo, come disastri naturali, guasti di sistema o problemi imputabili agli utenti.<\/li>\n<li>La Societ\u00e0 non garantisce l\u2019accuratezza, l\u2019affidabilit\u00e0 o la completezza delle informazioni fornite attraverso il Sito. L\u2019utilizzo di tali contenuti avviene a rischio esclusivo dell\u2019utente.<\/li>\n<\/ul>\n<br \/>\n<h3>Sezione 7. Legge applicabile e foro competente<\/h3>\n<p>I presenti Termini sono disciplinati dalla legge della Repubblica di Corea. Eventuali controversie saranno sottoposte alla giurisdizione esclusiva del tribunale competente presso la sede legale della Societ\u00e0.<\/p>\n<p>\u203b I presenti Termini sono validi dal 16 luglio 2025.<\/p>\n<br \/>\n<h3>Trattamento dei dati personali secondo il GDPR<\/h3>\n<p>Se risiedete nell\u2019Unione Europea, i vostri dati personali saranno trattati conformemente al Regolamento Generale sulla Protezione dei Dati (GDPR). Avete diritto di accesso, rettifica, cancellazione, limitazione del trattamento, portabilit\u00e0 dei dati e di proporre reclamo all\u2019autorit\u00e0 di controllo competente.<\/p>\n<\/section>\t\t\t\t\t\t<\/div>\n\t\t\t\t<\/div>\n\t\t\t\t\t<\/div>\n\t\t<\/div>\n\t\t\t\t\t<\/div>\n\t\t<\/section>\n\t\t\t\t<\/div>\n\t\t","protected":false},"excerpt":{"rendered":"<p>Termini e Condizioni [ Termini di utilizzo ] I presenti Termini di utilizzo (&#8220;Termini&#8221;) disciplinano i diritti, gli obblighi e le responsabilit\u00e0 tra gli utenti (&#8220;voi&#8221;) e UVER (&#8220;Societ\u00e0&#8221;) in relazione all\u2019utilizzo di questo sito web (&#8220;Sito&#8221;). Sezione 1. Validit\u00e0 e modifica dei Termini I Termini entrano in vigore al momento della loro pubblicazione sul Sito. La Societ\u00e0 si riserva il diritto di modificare i Termini nel rispetto delle leggi vigenti. Eventuali modifiche saranno comunicate in anticipo tramite il Sito. Sezione 2. Norme supplementari Per quanto non espressamente previsto nei presenti Termini, si applicano le normative vigenti, nonch\u00e9 le linee guida o politiche dettagliate della Societ\u00e0. Sezione 3. Obblighi dell\u2019utente Gli utenti devono rispettare le leggi applicabili, i presenti Termini, le linee guida pubblicate sul Sito e ogni altro avviso fornito dalla Societ\u00e0. \u00c8 vietato agli utenti: Rubare o utilizzare impropriamente i dati personali di terzi Interferire con il funzionamento o danneggiare i sistemi del Sito Violare i diritti di propriet\u00e0 intellettuale della Societ\u00e0 o di terzi Commettere qualsiasi atto in violazione delle leggi o dei regolamenti applicabili Sezione 4. Copyright Tutti i contenuti pubblicati sul Sito sono protetti da copyright e sono di propriet\u00e0 della Societ\u00e0 o del rispettivo titolare dei diritti. \u00c8 severamente vietata la riproduzione, distribuzione, trasmissione, esposizione pubblica o pubblicazione dei contenuti senza previa autorizzazione scritta della Societ\u00e0. Sezione 5. Privacy La Societ\u00e0 tutela la vostra privacy e tratta i dati personali in conformit\u00e0 alle leggi vigenti in materia di protezione dei dati. Per maggiori informazioni, consultare la nostra Informativa sulla Privacy. Sezione 6. Esclusione di responsabilit\u00e0 La Societ\u00e0 non \u00e8 responsabile per l\u2019interruzione dei servizi dovuta a eventi di forza maggiore o circostanze al di fuori del proprio ragionevole controllo, come disastri naturali, guasti di sistema o problemi imputabili agli utenti. La Societ\u00e0 non garantisce l\u2019accuratezza, l\u2019affidabilit\u00e0 o la completezza delle informazioni fornite attraverso il Sito. L\u2019utilizzo di tali contenuti avviene a rischio esclusivo dell\u2019utente. Sezione 7. Legge applicabile e foro competente I presenti Termini sono disciplinati dalla legge della Repubblica di Corea. Eventuali controversie saranno sottoposte alla giurisdizione esclusiva del tribunale competente presso la sede legale della Societ\u00e0. \u203b I presenti Termini sono validi dal 16 luglio 2025. Trattamento dei dati personali secondo il GDPR Se risiedete nell\u2019Unione Europea, i vostri dati personali saranno trattati conformemente al Regolamento Generale sulla Protezione dei Dati (GDPR). Avete diritto di accesso, rettifica, cancellazione, limitazione del trattamento, portabilit\u00e0 dei dati e di proporre reclamo all\u2019autorit\u00e0 di controllo competente.<\/p>\n","protected":false},"author":1,"featured_media":0,"parent":0,"menu_order":0,"comment_status":"closed","ping_status":"closed","template":"elementor_header_footer","meta":{"_acf_changed":false,"ocean_post_layout":"","ocean_both_sidebars_style":"","ocean_both_sidebars_content_width":0,"ocean_both_sidebars_sidebars_width":0,"ocean_sidebar":"","ocean_second_sidebar":"","ocean_disable_margins":"enable","ocean_add_body_class":"","ocean_shortcode_before_top_bar":"","ocean_shortcode_after_top_bar":"","ocean_shortcode_before_header":"","ocean_shortcode_after_header":"","ocean_has_shortcode":"","ocean_shortcode_after_title":"","ocean_shortcode_before_footer_widgets":"","ocean_shortcode_after_footer_widgets":"","ocean_shortcode_before_footer_bottom":"","ocean_shortcode_after_footer_bottom":"","ocean_display_top_bar":"default","ocean_display_header":"default","ocean_header_style":"","ocean_center_header_left_menu":"","ocean_custom_header_template":"","ocean_custom_logo":0,"ocean_custom_retina_logo":0,"ocean_custom_logo_max_width":0,"ocean_custom_logo_tablet_max_width":0,"ocean_custom_logo_mobile_max_width":0,"ocean_custom_logo_max_height":0,"ocean_custom_logo_tablet_max_height":0,"ocean_custom_logo_mobile_max_height":0,"ocean_header_custom_menu":"","ocean_menu_typo_font_family":"","ocean_menu_typo_font_subset":"","ocean_menu_typo_font_size":0,"ocean_menu_typo_font_size_tablet":0,"ocean_menu_typo_font_size_mobile":0,"ocean_menu_typo_font_size_unit":"px","ocean_menu_typo_font_weight":"","ocean_menu_typo_font_weight_tablet":"","ocean_menu_typo_font_weight_mobile":"","ocean_menu_typo_transform":"","ocean_menu_typo_transform_tablet":"","ocean_menu_typo_transform_mobile":"","ocean_menu_typo_line_height":0,"ocean_menu_typo_line_height_tablet":0,"ocean_menu_typo_line_height_mobile":0,"ocean_menu_typo_line_height_unit":"","ocean_menu_typo_spacing":0,"ocean_menu_typo_spacing_tablet":0,"ocean_menu_typo_spacing_mobile":0,"ocean_menu_typo_spacing_unit":"","ocean_menu_link_color":"","ocean_menu_link_color_hover":"","ocean_menu_link_color_active":"","ocean_menu_link_background":"","ocean_menu_link_hover_background":"","ocean_menu_link_active_background":"","ocean_menu_social_links_bg":"","ocean_menu_social_hover_links_bg":"","ocean_menu_social_links_color":"","ocean_menu_social_hover_links_color":"","ocean_disable_title":"default","ocean_disable_heading":"default","ocean_post_title":"","ocean_post_subheading":"","ocean_post_title_style":"","ocean_post_title_background_color":"","ocean_post_title_background":0,"ocean_post_title_bg_image_position":"","ocean_post_title_bg_image_attachment":"","ocean_post_title_bg_image_repeat":"","ocean_post_title_bg_image_size":"","ocean_post_title_height":0,"ocean_post_title_bg_overlay":0.5,"ocean_post_title_bg_overlay_color":"","ocean_disable_breadcrumbs":"default","ocean_breadcrumbs_color":"","ocean_breadcrumbs_separator_color":"","ocean_breadcrumbs_links_color":"","ocean_breadcrumbs_links_hover_color":"","ocean_display_footer_widgets":"default","ocean_display_footer_bottom":"default","ocean_custom_footer_template":"","footnotes":""},"class_list":["post-17391","page","type-page","status-publish","hentry","entry"],"acf":[],"yoast_head":"<!-- This site is optimized with the Yoast SEO plugin v26.3 - https:\/\/yoast.com\/wordpress\/plugins\/seo\/ -->\n<title>Termini e Condizioni | UVER<\/title>\n<meta name=\"description\" content=\"Consulta i termini di utilizzo del sito web di UVER per conoscere le norme da rispettare nell\u2019uso dei sistemi UV LED industriali.\" \/>\n<meta name=\"robots\" content=\"index, follow, max-snippet:-1, max-image-preview:large, max-video-preview:-1\" \/>\n<link rel=\"canonical\" href=\"https:\/\/www.uver.co.kr\/it\/terms-and-conditions\/\" \/>\n<meta property=\"og:locale\" content=\"it_IT\" \/>\n<meta property=\"og:type\" content=\"article\" \/>\n<meta property=\"og:title\" content=\"Termini e Condizioni | UVER\" \/>\n<meta property=\"og:description\" content=\"Consulta i termini di utilizzo del sito web di UVER per conoscere le norme da rispettare nell\u2019uso dei sistemi UV LED industriali.\" \/>\n<meta property=\"og:url\" content=\"https:\/\/www.uver.co.kr\/it\/terms-and-conditions\/\" \/>\n<meta property=\"og:site_name\" content=\"UVER\" \/>\n<meta property=\"article:modified_time\" content=\"2025-07-31T04:43:46+00:00\" \/>\n<meta property=\"og:image\" content=\"https:\/\/www.uver.co.kr\/wp-content\/uploads\/2025\/07\/uver-site-logo-min.jpg\" \/>\n\t<meta property=\"og:image:width\" content=\"1200\" \/>\n\t<meta property=\"og:image:height\" content=\"675\" \/>\n\t<meta property=\"og:image:type\" content=\"image\/jpeg\" \/>\n<meta name=\"twitter:card\" content=\"summary_large_image\" \/>\n<meta name=\"twitter:label1\" content=\"Tempo di lettura stimato\" \/>\n\t<meta name=\"twitter:data1\" content=\"2 minuti\" \/>\n<script type=\"application\/ld+json\" class=\"yoast-schema-graph\">{\"@context\":\"https:\/\/schema.org\",\"@graph\":[{\"@type\":\"WebPage\",\"@id\":\"https:\/\/www.uver.co.kr\/it\/terms-and-conditions\/\",\"url\":\"https:\/\/www.uver.co.kr\/it\/terms-and-conditions\/\",\"name\":\"Termini e Condizioni | UVER\",\"isPartOf\":{\"@id\":\"https:\/\/www.uver.co.kr\/it\/#website\"},\"datePublished\":\"2025-07-16T02:20:18+00:00\",\"dateModified\":\"2025-07-31T04:43:46+00:00\",\"description\":\"Consulta i termini di utilizzo del sito web di UVER per conoscere le norme da rispettare nell\u2019uso dei sistemi UV LED industriali.\",\"breadcrumb\":{\"@id\":\"https:\/\/www.uver.co.kr\/it\/terms-and-conditions\/#breadcrumb\"},\"inLanguage\":\"it-IT\",\"potentialAction\":[{\"@type\":\"ReadAction\",\"target\":[\"https:\/\/www.uver.co.kr\/it\/terms-and-conditions\/\"]}]},{\"@type\":\"BreadcrumbList\",\"@id\":\"https:\/\/www.uver.co.kr\/it\/terms-and-conditions\/#breadcrumb\",\"itemListElement\":[{\"@type\":\"ListItem\",\"position\":1,\"name\":\"Home\",\"item\":\"https:\/\/www.uver.co.kr\/it\/front\/\"},{\"@type\":\"ListItem\",\"position\":2,\"name\":\"Termini e Condizioni\"}]},{\"@type\":\"WebSite\",\"@id\":\"https:\/\/www.uver.co.kr\/it\/#website\",\"url\":\"https:\/\/www.uver.co.kr\/it\/\",\"name\":\"\uc720\ubc84 UVER\",\"description\":\"UV LED \uacbd\ud654\uae30, \ub178\uad11\uae30 \uac1c\ubc1c \ubc0f \uc81c\uc870\",\"publisher\":{\"@id\":\"https:\/\/www.uver.co.kr\/it\/#organization\"},\"alternateName\":\"UVER\",\"potentialAction\":[{\"@type\":\"SearchAction\",\"target\":{\"@type\":\"EntryPoint\",\"urlTemplate\":\"https:\/\/www.uver.co.kr\/it\/?s={search_term_string}\"},\"query-input\":{\"@type\":\"PropertyValueSpecification\",\"valueRequired\":true,\"valueName\":\"search_term_string\"}}],\"inLanguage\":\"it-IT\"},{\"@type\":\"Organization\",\"@id\":\"https:\/\/www.uver.co.kr\/it\/#organization\",\"name\":\"\uc720\ubc84 UVER\",\"alternateName\":\"UVER\",\"url\":\"https:\/\/www.uver.co.kr\/it\/\",\"logo\":{\"@type\":\"ImageObject\",\"inLanguage\":\"it-IT\",\"@id\":\"https:\/\/www.uver.co.kr\/it\/#\/schema\/logo\/image\/\",\"url\":\"https:\/\/www.uver.co.kr\/wp-content\/uploads\/2025\/07\/uver-organization-logo-min.jpg\",\"contentUrl\":\"https:\/\/www.uver.co.kr\/wp-content\/uploads\/2025\/07\/uver-organization-logo-min.jpg\",\"width\":696,\"height\":696,\"caption\":\"\uc720\ubc84 UVER\"},\"image\":{\"@id\":\"https:\/\/www.uver.co.kr\/it\/#\/schema\/logo\/image\/\"},\"sameAs\":[\"http:\/\/www.linkedin.com\/in\/uver\",\"http:\/\/www.youtube.com\/@uver1696\",\"https:\/\/blog.naver.com\/uverled\"]}]}<\/script>\n<!-- \/ Yoast SEO plugin. -->","yoast_head_json":{"title":"Termini e Condizioni | UVER","description":"Consulta i termini di utilizzo del sito web di UVER per conoscere le norme da rispettare nell\u2019uso dei sistemi UV LED industriali.","robots":{"index":"index","follow":"follow","max-snippet":"max-snippet:-1","max-image-preview":"max-image-preview:large","max-video-preview":"max-video-preview:-1"},"canonical":"https:\/\/www.uver.co.kr\/it\/terms-and-conditions\/","og_locale":"it_IT","og_type":"article","og_title":"Termini e Condizioni | UVER","og_description":"Consulta i termini di utilizzo del sito web di UVER per conoscere le norme da rispettare nell\u2019uso dei sistemi UV LED industriali.","og_url":"https:\/\/www.uver.co.kr\/it\/terms-and-conditions\/","og_site_name":"UVER","article_modified_time":"2025-07-31T04:43:46+00:00","og_image":[{"width":1200,"height":675,"url":"https:\/\/www.uver.co.kr\/wp-content\/uploads\/2025\/07\/uver-site-logo-min.jpg","type":"image\/jpeg"}],"twitter_card":"summary_large_image","twitter_misc":{"Tempo di lettura stimato":"2 minuti"},"schema":{"@context":"https:\/\/schema.org","@graph":[{"@type":"WebPage","@id":"https:\/\/www.uver.co.kr\/it\/terms-and-conditions\/","url":"https:\/\/www.uver.co.kr\/it\/terms-and-conditions\/","name":"Termini e Condizioni | UVER","isPartOf":{"@id":"https:\/\/www.uver.co.kr\/it\/#website"},"datePublished":"2025-07-16T02:20:18+00:00","dateModified":"2025-07-31T04:43:46+00:00","description":"Consulta i termini di utilizzo del sito web di UVER per conoscere le norme da rispettare nell\u2019uso dei sistemi UV LED industriali.","breadcrumb":{"@id":"https:\/\/www.uver.co.kr\/it\/terms-and-conditions\/#breadcrumb"},"inLanguage":"it-IT","potentialAction":[{"@type":"ReadAction","target":["https:\/\/www.uver.co.kr\/it\/terms-and-conditions\/"]}]},{"@type":"BreadcrumbList","@id":"https:\/\/www.uver.co.kr\/it\/terms-and-conditions\/#breadcrumb","itemListElement":[{"@type":"ListItem","position":1,"name":"Home","item":"https:\/\/www.uver.co.kr\/it\/front\/"},{"@type":"ListItem","position":2,"name":"Termini e Condizioni"}]},{"@type":"WebSite","@id":"https:\/\/www.uver.co.kr\/it\/#website","url":"https:\/\/www.uver.co.kr\/it\/","name":"\uc720\ubc84 UVER","description":"UV LED \uacbd\ud654\uae30, \ub178\uad11\uae30 \uac1c\ubc1c \ubc0f \uc81c\uc870","publisher":{"@id":"https:\/\/www.uver.co.kr\/it\/#organization"},"alternateName":"UVER","potentialAction":[{"@type":"SearchAction","target":{"@type":"EntryPoint","urlTemplate":"https:\/\/www.uver.co.kr\/it\/?s={search_term_string}"},"query-input":{"@type":"PropertyValueSpecification","valueRequired":true,"valueName":"search_term_string"}}],"inLanguage":"it-IT"},{"@type":"Organization","@id":"https:\/\/www.uver.co.kr\/it\/#organization","name":"\uc720\ubc84 UVER","alternateName":"UVER","url":"https:\/\/www.uver.co.kr\/it\/","logo":{"@type":"ImageObject","inLanguage":"it-IT","@id":"https:\/\/www.uver.co.kr\/it\/#\/schema\/logo\/image\/","url":"https:\/\/www.uver.co.kr\/wp-content\/uploads\/2025\/07\/uver-organization-logo-min.jpg","contentUrl":"https:\/\/www.uver.co.kr\/wp-content\/uploads\/2025\/07\/uver-organization-logo-min.jpg","width":696,"height":696,"caption":"\uc720\ubc84 UVER"},"image":{"@id":"https:\/\/www.uver.co.kr\/it\/#\/schema\/logo\/image\/"},"sameAs":["http:\/\/www.linkedin.com\/in\/uver","http:\/\/www.youtube.com\/@uver1696","https:\/\/blog.naver.com\/uverled"]}]}},"_links":{"self":[{"href":"https:\/\/www.uver.co.kr\/it\/wp-json\/wp\/v2\/pages\/17391","targetHints":{"allow":["GET"]}}],"collection":[{"href":"https:\/\/www.uver.co.kr\/it\/wp-json\/wp\/v2\/pages"}],"about":[{"href":"https:\/\/www.uver.co.kr\/it\/wp-json\/wp\/v2\/types\/page"}],"author":[{"embeddable":true,"href":"https:\/\/www.uver.co.kr\/it\/wp-json\/wp\/v2\/users\/1"}],"replies":[{"embeddable":true,"href":"https:\/\/www.uver.co.kr\/it\/wp-json\/wp\/v2\/comments?post=17391"}],"version-history":[{"count":0,"href":"https:\/\/www.uver.co.kr\/it\/wp-json\/wp\/v2\/pages\/17391\/revisions"}],"wp:attachment":[{"href":"https:\/\/www.uver.co.kr\/it\/wp-json\/wp\/v2\/media?parent=17391"}],"curies":[{"name":"wp","href":"https:\/\/api.w.org\/{rel}","templated":true}]}}